{"id":21,"date":"2014-02-23T19:49:06","date_gmt":"2014-02-23T19:49:06","guid":{"rendered":"http:\/\/www.alresford-twinning.org.uk\/?page_id=21"},"modified":"2014-05-13T20:27:22","modified_gmt":"2014-05-13T20:27:22","slug":"french-website","status":"publish","type":"page","link":"https:\/\/www.alresford-twinning.org.uk\/?page_id=21","title":{"rendered":"Site Fran\u00e7ais"},"content":{"rendered":"<p>Bienvenue \u00e0 l&#8217;association du Comit\u00e9 de Jumelage d&#8217;Alresford.<\/p>\n<p>Alresford, est jumel\u00e9e avec Bricquebec, et se situe \u00e0 environ 40 kms au nord de Portsmouth, pr\u00e8s de Winchester.<\/p>\n<p>Pour toutes informations compl\u00e9mentaires concernant notre comit\u00e9 de jumelage, n&#8217;h\u00e9sitez \u00e0 nous \u00e9crire par mail en consultant la page &#8220;contactez-nous&#8221;.<\/p>\n","protected":false},"excerpt":{"rendered":"<p>Bienvenue \u00e0 l&#8217;association du Comit\u00e9 de Jumelage d&#8217;Alresford. Alresford, est jumel\u00e9e avec Bricquebec, et se situe \u00e0 environ 40 kms au nord de Portsmouth, pr\u00e8s de Winchester. Pour toutes informations compl\u00e9mentaires concernant notre comit\u00e9&#46;&#46;&#46;<\/p>\n","protected":false},"author":1,"featured_media":0,"parent":0,"menu_order":0,"comment_status":"open","ping_status":"open","template":"","meta":{"footnotes":""},"class_list":["post-21","page","type-page","status-publish","hentry"],"_links":{"self":[{"href":"https:\/\/www.alresford-twinning.org.uk\/index.php?rest_route=\/wp\/v2\/pages\/21","targetHints":{"allow":["GET"]}}],"collection":[{"href":"https:\/\/www.alresford-twinning.org.uk\/index.php?rest_route=\/wp\/v2\/pages"}],"about":[{"href":"https:\/\/www.alresford-twinning.org.uk\/index.php?rest_route=\/wp\/v2\/types\/page"}],"author":[{"embeddable":true,"href":"https:\/\/www.alresford-twinning.org.uk\/index.php?rest_route=\/wp\/v2\/users\/1"}],"replies":[{"embeddable":true,"href":"https:\/\/www.alresford-twinning.org.uk\/index.php?rest_route=%2Fwp%2Fv2%2Fcomments&post=21"}],"version-history":[{"count":4,"href":"https:\/\/www.alresford-twinning.org.uk\/index.php?rest_route=\/wp\/v2\/pages\/21\/revisions"}],"predecessor-version":[{"id":202,"href":"https:\/\/www.alresford-twinning.org.uk\/index.php?rest_route=\/wp\/v2\/pages\/21\/revisions\/202"}],"wp:attachment":[{"href":"https:\/\/www.alresford-twinning.org.uk\/index.php?rest_route=%2Fwp%2Fv2%2Fmedia&parent=21"}],"curies":[{"name":"wp","href":"https:\/\/api.w.org\/{rel}","templated":true}]}}